{"id":1183,"date":"2022-12-19T10:49:21","date_gmt":"2022-12-19T03:49:21","guid":{"rendered":"http:\/\/bacvietmold.com\/vi\/?page_id=1183"},"modified":"2023-11-28T17:27:30","modified_gmt":"2023-11-28T10:27:30","slug":"cong-bo-thong-tin","status":"publish","type":"page","link":"http:\/\/bacvietmold.com\/vi\/cong-bo-thong-tin\/","title":{"rendered":"C\u00f4ng B\u1ed1 Th\u00f4ng Tin"},"content":{"rendered":"<p>[vc_row][vc_column]<div class=\"cymolthemes-boxes cymolthemes-boxes-blog cymolthemes-boxes-view-default cymolthemes-boxes-col-one cymolthemes-boxes-sortable-no cymolthemes-boxes-textalign-right cmt-sboxcta3-rev-heading\">\n\t\t<div class=\"cymolthemes-boxes-inner cymolthemes-boxes-blog-inner \">\n\t\t\t\n\t\t\t<div class=\"row multi-columns-row cymolthemes-boxes-row-wrapper\">\n\t\t\t\t<div class=\"cmt-sboxbox-col-wrapper col-lg-12 col-sm-12 col-md-12 col-xs-12 cong-bo-thong-tin danh-cho-nha-dau-tu\"><article class=\"cymolthemes-box cymolthemes-box-blog cymolthemes-blogbox-styleone cymolthemes-blogbox-stylethree cymolthemes-blogbox-format- cmt-sboxno-featured-content\">\r\n\t<div class=\"post-item\">\r\n\t\t<div class=\"cymolthemes-box-content\">\t\t\r\n\t\t\t<div class=\"cmt-featured-outer-wrapper cmt-post-featured-outer-wrapper\">\r\n\t\t\t\t\t<div class=\"cmt-post-date\"><span>13<\/span>Dec<\/div>\t\r\n\t\t\t\t\t\t\t<\/div>\t\t\r\n\t\t\t<div class=\"cymolthemes-box-desc\">\r\n\t\t\t\t<div class=\"entry-header\">\r\n\t\t\t\t    <div class=\"cymolthemes-box-title\"><h4><a href=\"http:\/\/bacvietmold.com\/vi\/nghi-quyet-dai-hoi-dong-co-dong-2025\/\">Ngh\u1ecb Quy\u1ebft \u0110\u1ea1i H\u1ed9i \u0110\u1ed3ng C\u1ed5 \u0110\u00f4ng 2025<\/a><\/h4><\/div>\t\r\n\t\t\t\t<\/div>\t\r\n\t\t\t\t<div class=\"cymolthemes-box-desc-text\">C\u00f4ng ty CP C\u00f4ng Ngh\u1ec7 B\u1eafc Vi\u1ec7t K\u00ednh g\u1eedi t\u1edbi Qu\u00fd C\u1ed5 \u0110\u00f4ng Ngh\u1ecb quy\u1ebft \u0110\u1ea1i h\u1ed9i \u0111\u1ed3ng c\u1ed5 \u0111\u00f4ng th\u01b0\u1eddng ni\u00ean n\u0103m 2025.Vui l\u00f2ng xem chi ti\u1ebft t\u1ea1i \u0111\u00e2y....<\/div>\t\r\n\t\t\t\t<div class=\"cmt-sboxentry-meta-wrapper\"><div class=\"entry-meta cmt-sboxentry-meta cmt-sboxentry-meta-blogbox\"><span class=\"cmt-meta-line posted-on\"><i class=\"fa fa-calendar\"><\/i> <span class=\"screen-reader-text cmt-hide\">Posted on <\/span><a href=\"http:\/\/bacvietmold.com\/vi\/nghi-quyet-dai-hoi-dong-co-dong-2025\/\" rel=\"bookmark\"><time class=\"entry-date published\" datetime=\"2025-12-13T17:04:37+07:00\">13\/12\/2025<\/time><time class=\"updated cmt-hide\" datetime=\"2025-12-19T17:04:51+07:00\">19\/12\/2025<\/time><\/a><\/span><span class=\"cmt-meta-line byline\"><i class=\"fa fa-user\"><\/i> <span class=\"author vcard\"><span class=\"screen-reader-text cmt-hide\">Author <\/span>BVIT<\/span><\/span><\/div><\/div>\t\t\t\t\r\n\t\t\t<\/div>\r\n        <\/div>\r\n\t<\/div>\r\n<\/article>\r\n<\/div><div class=\"cmt-sboxbox-col-wrapper col-lg-12 col-sm-12 col-md-12 col-xs-12 cong-bo-thong-tin danh-cho-nha-dau-tu\"><article class=\"cymolthemes-box cymolthemes-box-blog cymolthemes-blogbox-styleone cymolthemes-blogbox-stylethree cymolthemes-blogbox-format- cmt-sboxno-featured-content\">\r\n\t<div class=\"post-item\">\r\n\t\t<div class=\"cymolthemes-box-content\">\t\t\r\n\t\t\t<div class=\"cmt-featured-outer-wrapper cmt-post-featured-outer-wrapper\">\r\n\t\t\t\t\t<div class=\"cmt-post-date\"><span>13<\/span>Dec<\/div>\t\r\n\t\t\t\t\t\t\t<\/div>\t\t\r\n\t\t\t<div class=\"cymolthemes-box-desc\">\r\n\t\t\t\t<div class=\"entry-header\">\r\n\t\t\t\t    <div class=\"cymolthemes-box-title\"><h4><a href=\"http:\/\/bacvietmold.com\/vi\/bien-ban-ky-hop-dai-hoi-dong-co-dong-thuong-nien-nam-2025\/\">Bi\u00ean B\u1ea3n K\u1ef3 H\u1ecdp \u0110\u1ea1i H\u1ed9i \u0110\u1ed3ng C\u1ed5 \u0110\u00f4ng Th\u01b0\u1eddng Ni\u00ean N\u0103m 2025<\/a><\/h4><\/div>\t\r\n\t\t\t\t<\/div>\t\r\n\t\t\t\t<div class=\"cymolthemes-box-desc-text\">K\u00ednh g\u1eedi c\u00e1c Qu\u00fd c\u1ed5 \u0111\u00f4ng Bi\u00ean b\u1ea3n \u0110\u1ea1i h\u1ed9i \u0111\u1ed3ng c\u1ed5 \u0111\u00f4ng th\u01b0\u1eddng ni\u00ean n\u0103m 2025.Bi\u00ean b\u1ea3n k\u1ef3 h\u1ecdp Vui l\u00f2ng xem chi ti\u1ebft t\u1ea1i \u0111\u00e2y....<\/div>\t\r\n\t\t\t\t<div class=\"cmt-sboxentry-meta-wrapper\"><div class=\"entry-meta cmt-sboxentry-meta cmt-sboxentry-meta-blogbox\"><span class=\"cmt-meta-line posted-on\"><i class=\"fa fa-calendar\"><\/i> <span class=\"screen-reader-text cmt-hide\">Posted on <\/span><a href=\"http:\/\/bacvietmold.com\/vi\/bien-ban-ky-hop-dai-hoi-dong-co-dong-thuong-nien-nam-2025\/\" rel=\"bookmark\"><time class=\"entry-date published\" datetime=\"2025-12-13T17:02:45+07:00\">13\/12\/2025<\/time><time class=\"updated cmt-hide\" datetime=\"2025-12-19T17:03:35+07:00\">19\/12\/2025<\/time><\/a><\/span><span class=\"cmt-meta-line byline\"><i class=\"fa fa-user\"><\/i> <span class=\"author vcard\"><span class=\"screen-reader-text cmt-hide\">Author <\/span>BVIT<\/span><\/span><\/div><\/div>\t\t\t\t\r\n\t\t\t<\/div>\r\n        <\/div>\r\n\t<\/div>\r\n<\/article>\r\n<\/div><div class=\"cmt-sboxbox-col-wrapper col-lg-12 col-sm-12 col-md-12 col-xs-12 cong-bo-thong-tin danh-cho-nha-dau-tu\"><article class=\"cymolthemes-box cymolthemes-box-blog cymolthemes-blogbox-styleone cymolthemes-blogbox-stylethree cymolthemes-blogbox-format- cmt-sboxno-featured-content\">\r\n\t<div class=\"post-item\">\r\n\t\t<div class=\"cymolthemes-box-content\">\t\t\r\n\t\t\t<div class=\"cmt-featured-outer-wrapper cmt-post-featured-outer-wrapper\">\r\n\t\t\t\t\t<div class=\"cmt-post-date\"><span>05<\/span>Dec<\/div>\t\r\n\t\t\t\t\t\t\t<\/div>\t\t\r\n\t\t\t<div class=\"cymolthemes-box-desc\">\r\n\t\t\t\t<div class=\"entry-header\">\r\n\t\t\t\t    <div class=\"cymolthemes-box-title\"><h4><a href=\"http:\/\/bacvietmold.com\/vi\/don-de-cu-chap-thuan-de-cu-kem-so-yeu-ly-lich-thanh-vien-hdqt-thanh-vien-bks-cua-cong-ty-co-phan-cong-nghe-bac-viet-nhiem-ky-2025-2030\/\">\u0110\u01a1n \u0111\u1ec1 c\u1eed, ch\u1ea5p thu\u1eadn \u0111\u1ec1 c\u1eed k\u00e8m s\u01a1 y\u1ebfu l\u00fd l\u1ecbch th\u00e0nh vi\u00ean H\u0110QT c\u1ee7a C\u00f4ng ty c\u1ed5 ph\u1ea7n C\u00f4ng Ngh\u1ec7 B\u1eafc Vi\u1ec7t nhi\u1ec7m k\u1ef3 2025 &#8211; 2030<\/a><\/h4><\/div>\t\r\n\t\t\t\t<\/div>\t\r\n\t\t\t\t<div class=\"cymolthemes-box-desc-text\">\u0110\u01a1n \u0111\u1ec1 c\u1eed, ch\u1ea5p thu\u1eadn \u0111\u1ec1 c\u1eed k\u00e8m s\u01a1 y\u1ebfu l\u00fd l\u1ecbch th\u00e0nh vi\u00ean H\u0110QT Tham kh\u1ea3o t\u1ea1i \u0111\u00e2y....<\/div>\t\r\n\t\t\t\t<div class=\"cmt-sboxentry-meta-wrapper\"><div class=\"entry-meta cmt-sboxentry-meta cmt-sboxentry-meta-blogbox\"><span class=\"cmt-meta-line posted-on\"><i class=\"fa fa-calendar\"><\/i> <span class=\"screen-reader-text cmt-hide\">Posted on <\/span><a href=\"http:\/\/bacvietmold.com\/vi\/don-de-cu-chap-thuan-de-cu-kem-so-yeu-ly-lich-thanh-vien-hdqt-thanh-vien-bks-cua-cong-ty-co-phan-cong-nghe-bac-viet-nhiem-ky-2025-2030\/\" rel=\"bookmark\"><time class=\"entry-date published\" datetime=\"2025-12-05T19:24:21+07:00\">05\/12\/2025<\/time><time class=\"updated cmt-hide\" datetime=\"2025-12-05T19:30:02+07:00\">05\/12\/2025<\/time><\/a><\/span><span class=\"cmt-meta-line byline\"><i class=\"fa fa-user\"><\/i> <span class=\"author vcard\"><span class=\"screen-reader-text cmt-hide\">Author <\/span>BVIT<\/span><\/span><\/div><\/div>\t\t\t\t\r\n\t\t\t<\/div>\r\n        <\/div>\r\n\t<\/div>\r\n<\/article>\r\n<\/div><div class=\"cmt-sboxbox-col-wrapper col-lg-12 col-sm-12 col-md-12 col-xs-12 cong-bo-thong-tin danh-cho-nha-dau-tu\"><article class=\"cymolthemes-box cymolthemes-box-blog cymolthemes-blogbox-styleone cymolthemes-blogbox-stylethree cymolthemes-blogbox-format- cmt-sboxno-featured-content\">\r\n\t<div class=\"post-item\">\r\n\t\t<div class=\"cymolthemes-box-content\">\t\t\r\n\t\t\t<div class=\"cmt-featured-outer-wrapper cmt-post-featured-outer-wrapper\">\r\n\t\t\t\t\t<div class=\"cmt-post-date\"><span>07<\/span>Nov<\/div>\t\r\n\t\t\t\t\t\t\t<\/div>\t\t\r\n\t\t\t<div class=\"cymolthemes-box-desc\">\r\n\t\t\t\t<div class=\"entry-header\">\r\n\t\t\t\t    <div class=\"cymolthemes-box-title\"><h4><a href=\"http:\/\/bacvietmold.com\/vi\/nghi-quyet-dai-hoi-dong-co-dong-2024\/\">Ngh\u1ecb Quy\u1ebft \u0110\u1ea1i H\u1ed9i \u0110\u1ed3ng C\u1ed5 \u0110\u00f4ng 2024<\/a><\/h4><\/div>\t\r\n\t\t\t\t<\/div>\t\r\n\t\t\t\t<div class=\"cymolthemes-box-desc-text\">C\u00f4ng ty CP C\u00f4ng Ngh\u1ec7 B\u1eafc Vi\u1ec7t K\u00ednh g\u1eedi t\u1edbi Qu\u00fd C\u1ed5 \u0110\u00f4ng Ngh\u1ecb quy\u1ebft \u0110\u1ea1i h\u1ed9i \u0111\u1ed3ng c\u1ed5 \u0111\u00f4ng th\u01b0\u1eddng ni\u00ean n\u0103m 2024.Vui l\u00f2ng xem chi ti\u1ebft t\u1ea1i \u0111\u00e2y....<\/div>\t\r\n\t\t\t\t<div class=\"cmt-sboxentry-meta-wrapper\"><div class=\"entry-meta cmt-sboxentry-meta cmt-sboxentry-meta-blogbox\"><span class=\"cmt-meta-line posted-on\"><i class=\"fa fa-calendar\"><\/i> <span class=\"screen-reader-text cmt-hide\">Posted on <\/span><a href=\"http:\/\/bacvietmold.com\/vi\/nghi-quyet-dai-hoi-dong-co-dong-2024\/\" rel=\"bookmark\"><time class=\"entry-date published\" datetime=\"2024-11-07T14:26:20+07:00\">07\/11\/2024<\/time><time class=\"updated cmt-hide\" datetime=\"2024-11-07T14:28:31+07:00\">07\/11\/2024<\/time><\/a><\/span><span class=\"cmt-meta-line byline\"><i class=\"fa fa-user\"><\/i> <span class=\"author vcard\"><span class=\"screen-reader-text cmt-hide\">Author <\/span>BVIT<\/span><\/span><\/div><\/div>\t\t\t\t\r\n\t\t\t<\/div>\r\n        <\/div>\r\n\t<\/div>\r\n<\/article>\r\n<\/div><div class=\"cmt-sboxbox-col-wrapper col-lg-12 col-sm-12 col-md-12 col-xs-12 cong-bo-thong-tin danh-cho-nha-dau-tu\"><article class=\"cymolthemes-box cymolthemes-box-blog cymolthemes-blogbox-styleone cymolthemes-blogbox-stylethree cymolthemes-blogbox-format- cmt-sboxno-featured-content\">\r\n\t<div class=\"post-item\">\r\n\t\t<div class=\"cymolthemes-box-content\">\t\t\r\n\t\t\t<div class=\"cmt-featured-outer-wrapper cmt-post-featured-outer-wrapper\">\r\n\t\t\t\t\t<div class=\"cmt-post-date\"><span>07<\/span>Nov<\/div>\t\r\n\t\t\t\t\t\t\t<\/div>\t\t\r\n\t\t\t<div class=\"cymolthemes-box-desc\">\r\n\t\t\t\t<div class=\"entry-header\">\r\n\t\t\t\t    <div class=\"cymolthemes-box-title\"><h4><a href=\"http:\/\/bacvietmold.com\/vi\/bien-ban-ky-hop-dai-hoi-dong-co-dong-thuong-nien-nam-2024\/\">Bi\u00ean B\u1ea3n K\u1ef3 H\u1ecdp \u0110\u1ea1i H\u1ed9i \u0110\u1ed3ng C\u1ed5 \u0110\u00f4ng Th\u01b0\u1eddng Ni\u00ean N\u0103m 2024<\/a><\/h4><\/div>\t\r\n\t\t\t\t<\/div>\t\r\n\t\t\t\t<div class=\"cymolthemes-box-desc-text\">K\u00ednh g\u1eedi c\u00e1c Qu\u00fd c\u1ed5 \u0111\u00f4ng Bi\u00ean b\u1ea3n \u0110\u1ea1i h\u1ed9i \u0111\u1ed3ng c\u1ed5 \u0111\u00f4ng th\u01b0\u1eddng ni\u00ean n\u0103m 2024.Bi\u00ean b\u1ea3n k\u1ef3 h\u1ecdp Vui l\u00f2ng xem chi ti\u1ebft t\u1ea1i \u0111\u00e2y....<\/div>\t\r\n\t\t\t\t<div class=\"cmt-sboxentry-meta-wrapper\"><div class=\"entry-meta cmt-sboxentry-meta cmt-sboxentry-meta-blogbox\"><span class=\"cmt-meta-line posted-on\"><i class=\"fa fa-calendar\"><\/i> <span class=\"screen-reader-text cmt-hide\">Posted on <\/span><a href=\"http:\/\/bacvietmold.com\/vi\/bien-ban-ky-hop-dai-hoi-dong-co-dong-thuong-nien-nam-2024\/\" rel=\"bookmark\"><time class=\"entry-date published\" datetime=\"2024-11-07T14:24:45+07:00\">07\/11\/2024<\/time><time class=\"updated cmt-hide\" datetime=\"2024-11-07T14:33:52+07:00\">07\/11\/2024<\/time><\/a><\/span><span class=\"cmt-meta-line byline\"><i class=\"fa fa-user\"><\/i> <span class=\"author vcard\"><span class=\"screen-reader-text cmt-hide\">Author <\/span>BVIT<\/span><\/span><\/div><\/div>\t\t\t\t\r\n\t\t\t<\/div>\r\n        <\/div>\r\n\t<\/div>\r\n<\/article>\r\n<\/div>\n\t\t\t<\/div>\n\t\t<div class=\"clearfix\"><\/div><div class=\"cymolthemes-pagination\"><span aria-current=\"page\" class=\"page-numbers current\">1<\/span>\n<a class=\"page-numbers\" href=\"http:\/\/bacvietmold.com\/vi\/wp-json\/wp\/v2\/pages\/1183\/page\/2\/\">2<\/a>\n<a class=\"page-numbers\" href=\"http:\/\/bacvietmold.com\/vi\/wp-json\/wp\/v2\/pages\/1183\/page\/3\/\">3<\/a>\n<a class=\"next page-numbers\" href=\"http:\/\/bacvietmold.com\/vi\/wp-json\/wp\/v2\/pages\/1183\/page\/2\/\"><span class=\"cmt-hide cmt-sboxpagination-text cmt-sboxpagination-text-next\">Next page<\/span> <i class=\"cmt-duplexo-icon-arrow-right\"><\/i><\/a><\/div><!-- .cymolthemes-pagination --><\/div><!-- .cymolthemes-boxes-inner -->   <\/div><!-- .cymolthemes-boxes -->  [\/vc_column][\/vc_row]<\/p>\n","protected":false},"excerpt":{"rendered":"<p>[vc_row][vc_column][\/vc_column][\/vc_row]<\/p>\n","protected":false},"author":1,"featured_media":0,"parent":0,"menu_order":0,"comment_status":"closed","ping_status":"closed","template":"","meta":[],"_links":{"self":[{"href":"http:\/\/bacvietmold.com\/vi\/wp-json\/wp\/v2\/pages\/1183"}],"collection":[{"href":"http:\/\/bacvietmold.com\/vi\/wp-json\/wp\/v2\/pages"}],"about":[{"href":"http:\/\/bacvietmold.com\/vi\/wp-json\/wp\/v2\/types\/page"}],"author":[{"embeddable":true,"href":"http:\/\/bacvietmold.com\/vi\/wp-json\/wp\/v2\/users\/1"}],"replies":[{"embeddable":true,"href":"http:\/\/bacvietmold.com\/vi\/wp-json\/wp\/v2\/comments?post=1183"}],"version-history":[{"count":0,"href":"http:\/\/bacvietmold.com\/vi\/wp-json\/wp\/v2\/pages\/1183\/revisions"}],"wp:attachment":[{"href":"http:\/\/bacvietmold.com\/vi\/wp-json\/wp\/v2\/media?parent=1183"}],"curies":[{"name":"wp","href":"https:\/\/api.w.org\/{rel}","templated":true}]}}