{"id":121,"date":"2017-06-07T10:49:27","date_gmt":"2017-06-07T03:49:27","guid":{"rendered":"http:\/\/bacvietmold.com\/vi\/?page_id=121"},"modified":"2019-10-04T14:23:18","modified_gmt":"2019-10-04T07:23:18","slug":"bao-cao-tai-chinh","status":"publish","type":"page","link":"http:\/\/bacvietmold.com\/vi\/bao-cao-tai-chinh\/","title":{"rendered":"B\u00e1o c\u00e1o t\u00e0i ch\u00ednh"},"content":{"rendered":"","protected":false},"excerpt":{"rendered":"","protected":false},"author":1,"featured_media":0,"parent":0,"menu_order":0,"comment_status":"closed","ping_status":"closed","template":"","meta":[],"_links":{"self":[{"href":"http:\/\/bacvietmold.com\/vi\/wp-json\/wp\/v2\/pages\/121"}],"collection":[{"href":"http:\/\/bacvietmold.com\/vi\/wp-json\/wp\/v2\/pages"}],"about":[{"href":"http:\/\/bacvietmold.com\/vi\/wp-json\/wp\/v2\/types\/page"}],"author":[{"embeddable":true,"href":"http:\/\/bacvietmold.com\/vi\/wp-json\/wp\/v2\/users\/1"}],"replies":[{"embeddable":true,"href":"http:\/\/bacvietmold.com\/vi\/wp-json\/wp\/v2\/comments?post=121"}],"version-history":[{"count":0,"href":"http:\/\/bacvietmold.com\/vi\/wp-json\/wp\/v2\/pages\/121\/revisions"}],"wp:attachment":[{"href":"http:\/\/bacvietmold.com\/vi\/wp-json\/wp\/v2\/media?parent=121"}],"curies":[{"name":"wp","href":"https:\/\/api.w.org\/{rel}","templated":true}]}}