{"id":57,"date":"2017-06-04T07:06:24","date_gmt":"2017-06-04T00:06:24","guid":{"rendered":"http:\/\/bacvietmold.com\/vi\/?page_id=57"},"modified":"2025-12-17T11:15:13","modified_gmt":"2025-12-17T04:15:13","slug":"lien-he","status":"publish","type":"page","link":"http:\/\/bacvietmold.com\/vi\/lien-he\/","title":{"rendered":"Li\u00ean h\u1ec7"},"content":{"rendered":"<p>[vc_row cmt_bgcolor=&#8221;white&#8221; cmt_bgimagefixed=&#8221;&#8221; full_width=&#8221;stretch_row&#8221; gap=&#8221;30&#8243; equal_height=&#8221;yes&#8221; tm_bgcolor=&#8221;white&#8221; tm_bgimagefixed=&#8221;&#8221; el_class=&#8221;ctm-sbox-bordered-style2&#8243; css=&#8221;.vc_custom_1582004830035{padding-top: 75px !important;padding-bottom: 75px !important;}&#8221; cmt_responsive_css=&#8221;31101850|colbreak_no|||||||||colbreak_no|||||40px||35px||colbreak_no||||||||||colbreak_no|||||||||&#8221;][vc_column width=&#8221;1\/3&#8243; css=&#8221;.vc_custom_1575882503544{margin-bottom: 0px !important;}&#8221;]<h5 style=\"text-align:center;font-size:21px;\" class=\"cmt-custom-heading \" ><a href=\"\">V\u0103n ph\u00f2ng c\u1ee7a ch\u00fang t\u00f4i<\/a><\/h5>\n<p style=\"text-align:center;font-size:14px;\" class=\"cmt-custom-heading vc_custom_1671416384163\" ><a href=\"\">Nhi\u1ec1u chi nh\u00e1nh tr\u00ean to\u00e0n qu\u1ed1c<\/a><\/p>\n<div class=\"cmt-sbox cmt-sbox-iconalign-top-center cmt-sbox-bgcolor-grey cmt-bgcolor-grey cmt-sbox-textcolor- cmt-textcolor- cmt-sbox-isize-sm cmt-sbox-isize-sm cmt-sbox-istyle-none  cmt-bgcolor-yes\"><section class=\"cmt-sboxvc_cta3-container\"><div class=\"cmt-vc_general cmt-sboxvc_cta3 cmt-sboxvc_cta3-align-left cmt-sboxvc_cta3-icon-size-sm cmt-sboxvc_cta3-icons-top cmt-sboxvc_cta3-actions-no\"><div class=\"cmt-sboxvc_cta3-icons cmt-section-wrapper-cell\"><div class=\"cmt-vc_icon_element cmt-vc_icon_element-outer cmt-vc_icon_element-align-left \"><div class=\"cmt-vc_icon_element-inner  cmt-vc_icon_element-color-skincolor cmt-vc_icon_element-size-sm cmt-vc_icon_element-style-none cmt-vc_icon_element-background-color-grey\" ><span class=\"cmt-vc_icon_element-icon fa fa-life-ring\" ><\/span><\/div><\/div><\/div><div class=\"cmt-vc_cta3_content-container\"><div class=\"cmt-vc_cta3-content\"><div class=\"cmt-vc_cta3-content-header cmt-section-wrapper\"><div class=\"cmt-sboxvc_cta3-headers cmt-section-wrapper-cell\"><\/div><\/div><\/div><div class=\"cmt-sboxcta3-desc-btn-wrapper\"><div class=\"cmt-sboxcta3-description\"><div class=\"cmt-sboxcta3-content-wrapper\"><p>V\u0103n ph\u00f2ng H\u00e0 N\u1ed9i<br \/>\n1B T\u00f2a AZ Sky, P. \u0110\u1ecbnh C\u00f4ng, Q. Ho\u00e0ng Mai, H\u00e0 N\u1ed9i<br \/>\nNh\u00e0 m\u00e1y B\u1eafc Ninh<br \/>\nKm 7, Qu\u1ed1c l\u1ed9 18, Ph\u01b0\u1eddng Ph\u01b0\u01a1ng Li\u1ec5u, Th\u1ecb x\u00e3 Qu\u1ebf V\u00f5, T\u1ec9nh B\u1eafc Ninh, Vi\u1ec7t Nam.<\/p><\/div><\/div><\/div><\/div><\/div><\/section><\/div>[\/vc_column][vc_column width=&#8221;1\/3&#8243;]<h5 style=\"text-align:center;font-size:21px;\" class=\"cmt-custom-heading \" ><a href=\"\">Li\u00ean h\u1ec7<\/a><\/h5>\n<p style=\"text-align:center;font-size:14px;\" class=\"cmt-custom-heading vc_custom_1671416550389\" ><a href=\"\">Li\u00ean h\u1ec7 nhanh v\u1edbi ch\u00fang t\u00f4i<\/a><\/p>\n<div class=\"cmt-sbox cmt-sbox-iconalign-top-center cmt-sbox-bgcolor-grey cmt-bgcolor-grey cmt-sbox-textcolor- cmt-textcolor- cmt-sbox-isize-sm cmt-sbox-isize-sm cmt-sbox-istyle-none  cmt-bgcolor-yes\"><section class=\"cmt-sboxvc_cta3-container\"><div class=\"cmt-vc_general cmt-sboxvc_cta3 cmt-sboxvc_cta3-align-left cmt-sboxvc_cta3-icon-size-sm cmt-sboxvc_cta3-icons-top cmt-sboxvc_cta3-actions-no\"><div class=\"cmt-sboxvc_cta3-icons cmt-section-wrapper-cell\"><div class=\"cmt-vc_icon_element cmt-vc_icon_element-outer cmt-vc_icon_element-align-left \"><div class=\"cmt-vc_icon_element-inner  cmt-vc_icon_element-color-skincolor cmt-vc_icon_element-size-sm cmt-vc_icon_element-style-none cmt-vc_icon_element-background-color-grey\" ><span class=\"cmt-vc_icon_element-icon cmt_duplexo flaticon-phone-call\" ><\/span><\/div><\/div><\/div><div class=\"cmt-vc_cta3_content-container\"><div class=\"cmt-vc_cta3-content\"><div class=\"cmt-vc_cta3-content-header cmt-section-wrapper\"><div class=\"cmt-sboxvc_cta3-headers cmt-section-wrapper-cell\"><\/div><\/div><\/div><div class=\"cmt-sboxcta3-desc-btn-wrapper\"><div class=\"cmt-sboxcta3-description\"><div class=\"cmt-sboxcta3-content-wrapper\"><p>Phone:<br \/>\n+84-222-361-7933<br \/>\nEmail:<br \/>\nadmin@bacvietgroup.com<\/p><\/div><\/div><\/div><\/div><\/div><\/section><\/div>[\/vc_column][vc_column width=&#8221;1\/3&#8243;]<h5 style=\"text-align:center;font-size:21px;\" class=\"cmt-custom-heading \" ><a href=\"\">Visit Beetween<\/a><\/h5>\n<p style=\"text-align:center;font-size:14px;\" class=\"cmt-custom-heading vc_custom_1671416808253\" ><a href=\"\">Gi\u1edd l\u00e0m vi\u1ec7c v\u0103n ph\u00f2ng<\/a><\/p>\n<div class=\"cmt-sbox cmt-sbox-iconalign-top-center cmt-sbox-bgcolor-grey cmt-bgcolor-grey cmt-sbox-textcolor- cmt-textcolor- cmt-sbox-isize-sm cmt-sbox-isize-sm cmt-sbox-istyle-none  cmt-bgcolor-yes tm-bgcolor-grey\"><section class=\"cmt-sboxvc_cta3-container\"><div class=\"cmt-vc_general cmt-sboxvc_cta3 cmt-sboxvc_cta3-align-left cmt-sboxvc_cta3-icon-size-sm cmt-sboxvc_cta3-icons-top cmt-sboxvc_cta3-actions-no\"><div class=\"cmt-sboxvc_cta3-icons cmt-section-wrapper-cell\"><div class=\"cmt-vc_icon_element cmt-vc_icon_element-outer cmt-vc_icon_element-align-left \"><div class=\"cmt-vc_icon_element-inner  cmt-vc_icon_element-color-skincolor cmt-vc_icon_element-size-sm cmt-vc_icon_element-style-none cmt-vc_icon_element-background-color-grey\" ><span class=\"cmt-vc_icon_element-icon cmt_duplexo flaticon-clock\" ><\/span><\/div><\/div><\/div><div class=\"cmt-vc_cta3_content-container\"><div class=\"cmt-vc_cta3-content\"><div class=\"cmt-vc_cta3-content-header cmt-section-wrapper\"><div class=\"cmt-sboxvc_cta3-headers cmt-section-wrapper-cell\"><\/div><\/div><\/div><div class=\"cmt-sboxcta3-desc-btn-wrapper\"><div class=\"cmt-sboxcta3-description\"><div class=\"cmt-sboxcta3-content-wrapper\"><p>Mon &#8211; Satday:<br \/>\n8.00am to 5.00pm<br \/>\nSunday: Holiday<\/br><\/br><\/br><\/br><\/br><\/p><\/div><\/div><\/div><\/div><\/div><\/section><\/div>[\/vc_column][\/vc_row][vc_row cmt_bgcolor=&#8221;white&#8221; cmt_bgimagefixed=&#8221;&#8221; full_width=&#8221;stretch_row&#8221; css=&#8221;.vc_custom_1582004738483{padding-top: 0px !important;padding-bottom: 55px !important;}&#8221;][vc_column width=&#8221;1\/2&#8243; css=&#8221;.vc_custom_1582005012938{padding-right: 30px !important;}&#8221; cmt_responsive_css=&#8221;97014768|colbreak_no|||||||||colbreak_no|||||||||colbreak_no||||||15px||||colbreak_no|||||||||&#8221;][vc_gmaps link=&#8221;#E-8_JTNDaWZyYW1lJTIwc3JjJTNEJTIyaHR0cHMlM0ElMkYlMkZ3d3cuZ29vZ2xlLmNvbSUyRm1hcHMlMkZlbWJlZCUzRnBiJTNEJTIxMW0xNCUyMTFtOCUyMTFtMyUyMTFkMTg2MC40NDU1NjIzNzEwNjM1JTIxMmQxMDYuMTI0MjQ5NSUyMTNkMjEuMTU2NzMwNyUyMTNtMiUyMTFpMTAyNCUyMTJpNzY4JTIxNGYxMy4xJTIxM20zJTIxMW0yJTIxMXMweDMxMzUwYjY1NmRjZjdiNmQlMjUzQTB4OTI2NDYyYzAzZmM3YWFiMSUyMTJ6UThPVVRrY2dWRmtnUS1HN2xDQlFTT0c2cGs0Z1E4T1VUa2NnVGtkSTRidUdJRUxodXE1RElGWko0YnVHVkElMjE1ZTAlMjEzbTIlMjExc3ZpJTIxMnMlMjE0djE2NzE0MTc4MDg0MDUlMjE1bTIlMjExc3ZpJTIxMnMlMjIlMjB3aWR0aCUzRCUyMjYwMCUyMiUyMGhlaWdodCUzRCUyMjQ1MCUyMiUyMHN0eWxlJTNEJTIyYm9yZGVyJTNBMCUzQiUyMiUyMGFsbG93ZnVsbHNjcmVlbiUzRCUyMiUyMiUyMGxvYWRpbmclM0QlMjJsYXp5JTIyJTIwcmVmZXJyZXJwb2xpY3klM0QlMjJuby1yZWZlcnJlci13aGVuLWRvd25ncmFkZSUyMiUzRSUzQyUyRmlmcmFtZSUzRQ==&#8221; size=&#8221;425px&#8221;][\/vc_column][vc_column width=&#8221;1\/2&#8243;][vc_row_inner el_class=&#8221;ctm-box-shadow&#8221; css=&#8221;.vc_custom_1582004981491{margin-right: 0px !important;}&#8221; cmt_responsive_css=&#8221;27332113|colbreak_no|||||||||colbreak_no|||||||||colbreak_no||||0px||||||colbreak_no|||||||||&#8221;][vc_column_inner css=&#8221;.vc_custom_1581496633835{padding-top: 36px !important;padding-right: 30px !important;padding-bottom: 36px !important;padding-left: 30px !important;}&#8221;]<h2 style=\"text-align:left;font-size:28px;line-height:32px;\" class=\"cmt-custom-heading \" >G\u1eedi mail cho ch\u00fang t\u00f4i<\/h2>\n<div role=\"form\" class=\"wpcf7\" id=\"wpcf7-f1116-o1\" lang=\"en-US\" dir=\"ltr\">\n<div class=\"screen-reader-response\"><\/div>\n<form action=\"\/vi\/wp-json\/wp\/v2\/pages\/57#wpcf7-f1116-o1\" method=\"post\" class=\"wpcf7-form\" novalidate=\"novalidate\">\n<div style=\"display: none;\">\n<input type=\"hidden\" name=\"_wpcf7\" value=\"1116\" \/>\n<input type=\"hidden\" name=\"_wpcf7_version\" value=\"4.8.1\" \/>\n<input type=\"hidden\" name=\"_wpcf7_locale\" value=\"en_US\" \/>\n<input type=\"hidden\" name=\"_wpcf7_unit_tag\" value=\"wpcf7-f1116-o1\" \/>\n<input type=\"hidden\" name=\"_wpcf7_container_post\" value=\"0\" \/>\n<input type=\"hidden\" name=\"_wpcf7_nonce\" value=\"aad37cedb7\" \/>\n<\/div>\n<div class=\"cmt-commonform cmt-quote-form\">\n<div class=\"row\">\n<div class=\"col-md-6\">\n<div class=\"field-group\"><span class=\"wpcf7-form-control-wrap your-name\"><input type=\"text\" name=\"your-name\" value=\"\" size=\"40\" class=\"wpcf7-form-control wpcf7-text wpcf7-validates-as-required\" aria-required=\"true\" aria-invalid=\"false\" placeholder=\"Full Name\" \/><\/span><\/div>\n<\/div>\n<div class=\"col-md-6\">\n<div class=\"field-group\"><span class=\"wpcf7-form-control-wrap your-email\"><input type=\"email\" name=\"your-email\" value=\"\" size=\"40\" class=\"wpcf7-form-control wpcf7-text wpcf7-email wpcf7-validates-as-required wpcf7-validates-as-email\" aria-required=\"true\" aria-invalid=\"false\" placeholder=\"Email Address\" \/><\/span><\/div>\n<\/div>\n<\/div>\n<div class=\"row\">\n<div class=\"col-md-12\">\n<div class=\"field-group\"><span class=\"wpcf7-form-control-wrap your-phone\"><input type=\"text\" name=\"your-phone\" value=\"\" size=\"40\" class=\"wpcf7-form-control wpcf7-text wpcf7-validates-as-required\" aria-required=\"true\" aria-invalid=\"false\" placeholder=\"Phone Number\" \/><\/span><\/div>\n<\/div>\n<\/div>\n<div class=\"row\">\n<div class=\"col-md-12\">\n<div class=\"field-group\"><span class=\"wpcf7-form-control-wrap your-message\"><textarea name=\"your-message\" cols=\"35\" rows=\"3\" class=\"wpcf7-form-control wpcf7-textarea wpcf7-validates-as-required\" aria-required=\"true\" aria-invalid=\"false\" placeholder=\"Message\"><\/textarea><\/span><\/div>\n<\/div>\n<\/div>\n<div class=\"cmt-cnt-btn\"><input type=\"submit\" value=\"Submit Quote\" class=\"wpcf7-form-control wpcf7-submit cmt-vc_general cmt-vc_btn3 cmt-vc_btn3-shape-square cmt-vc_btn3-color-black\" \/>\n<div class=\"wpcf7-response-output wpcf7-display-none\"><\/div>\n<\/div>\n<\/div>\n<\/form><\/div>[\/vc_column_inner][\/vc_row_inner][\/vc_column][\/vc_row]<\/p>\n","protected":false},"excerpt":{"rendered":"<p>[vc_row cmt_bgcolor=&#8221;white&#8221; cmt_bgimagefixed=&#8221;&#8221; full_width=&#8221;stretch_row&#8221; gap=&#8221;30&#8243; equal_height=&#8221;yes&#8221; tm_bgcolor=&#8221;white&#8221; tm_bgimagefixed=&#8221;&#8221; el_class=&#8221;ctm-sbox-bordered-style2&#8243; css=&#8221;.vc_custom_1582004830035{padding-top: 75px !important;padding-bottom: 75px !important;}&#8221; cmt_responsive_css=&#8221;31101850|colbreak_no|||||||||colbreak_no|||||40px||35px||colbreak_no||||||||||colbreak_no|||||||||&#8221;][vc_column width=&#8221;1\/3&#8243; css=&#8221;.vc_custom_1575882503544{margin-bottom: 0px !important;}&#8221;][\/vc_column][vc_column width=&#8221;1\/3&#8243;][\/vc_column][vc_column width=&#8221;1\/3&#8243;][\/vc_column][\/vc_row][vc_row cmt_bgcolor=&#8221;white&#8221; cmt_bgimagefixed=&#8221;&#8221; full_width=&#8221;stretch_row&#8221; css=&#8221;.vc_custom_1582004738483{padding-top: 0px !important;padding-bottom: 55px !important;}&#8221;][vc_column width=&#8221;1\/2&#8243; css=&#8221;.vc_custom_1582005012938{padding-right: 30px !important;}&#8221; cmt_responsive_css=&#8221;97014768|colbreak_no|||||||||colbreak_no|||||||||colbreak_no||||||15px||||colbreak_no|||||||||&#8221;][vc_gmaps link=&#8221;#E-8_JTNDaWZyYW1lJTIwc3JjJTNEJTIyaHR0cHMlM0ElMkYlMkZ3d3cuZ29vZ2xlLmNvbSUyRm1hcHMlMkZlbWJlZCUzRnBiJTNEJTIxMW0xNCUyMTFtOCUyMTFtMyUyMTFkMTg2MC40NDU1NjIzNzEwNjM1JTIxMmQxMDYuMTI0MjQ5NSUyMTNkMjEuMTU2NzMwNyUyMTNtMiUyMTFpMTAyNCUyMTJpNzY4JTIxNGYxMy4xJTIxM20zJTIxMW0yJTIxMXMweDMxMzUwYjY1NmRjZjdiNmQlMjUzQTB4OTI2NDYyYzAzZmM3YWFiMSUyMTJ6UThPVVRrY2dWRmtnUS1HN2xDQlFTT0c2cGs0Z1E4T1VUa2NnVGtkSTRidUdJRUxodXE1RElGWko0YnVHVkElMjE1ZTAlMjEzbTIlMjExc3ZpJTIxMnMlMjE0djE2NzE0MTc4MDg0MDUlMjE1bTIlMjExc3ZpJTIxMnMlMjIlMjB3aWR0aCUzRCUyMjYwMCUyMiUyMGhlaWdodCUzRCUyMjQ1MCUyMiUyMHN0eWxlJTNEJTIyYm9yZGVyJTNBMCUzQiUyMiUyMGFsbG93ZnVsbHNjcmVlbiUzRCUyMiUyMiUyMGxvYWRpbmclM0QlMjJsYXp5JTIyJTIwcmVmZXJyZXJwb2xpY3klM0QlMjJuby1yZWZlcnJlci13aGVuLWRvd25ncmFkZSUyMiUzRSUzQyUyRmlmcmFtZSUzRQ==&#8221; size=&#8221;425px&#8221;][\/vc_column][vc_column width=&#8221;1\/2&#8243;][vc_row_inner el_class=&#8221;ctm-box-shadow&#8221; css=&#8221;.vc_custom_1582004981491{margin-right: 0px !important;}&#8221; cmt_responsive_css=&#8221;27332113|colbreak_no|||||||||colbreak_no|||||||||colbreak_no||||0px||||||colbreak_no|||||||||&#8221;][vc_column_inner css=&#8221;.vc_custom_1581496633835{padding-top: 36px !important;padding-right: 30px !important;padding-bottom: 36px !important;padding-left: 30px !important;}&#8221;][\/vc_column_inner][\/vc_row_inner][\/vc_column][\/vc_row]<\/p>\n","protected":false},"author":1,"featured_media":0,"parent":0,"menu_order":0,"comment_status":"closed","ping_status":"closed","template":"","meta":[],"_links":{"self":[{"href":"http:\/\/bacvietmold.com\/vi\/wp-json\/wp\/v2\/pages\/57"}],"collection":[{"href":"http:\/\/bacvietmold.com\/vi\/wp-json\/wp\/v2\/pages"}],"about":[{"href":"http:\/\/bacvietmold.com\/vi\/wp-json\/wp\/v2\/types\/page"}],"author":[{"embeddable":true,"href":"http:\/\/bacvietmold.com\/vi\/wp-json\/wp\/v2\/users\/1"}],"replies":[{"embeddable":true,"href":"http:\/\/bacvietmold.com\/vi\/wp-json\/wp\/v2\/comments?post=57"}],"version-history":[{"count":0,"href":"http:\/\/bacvietmold.com\/vi\/wp-json\/wp\/v2\/pages\/57\/revisions"}],"wp:attachment":[{"href":"http:\/\/bacvietmold.com\/vi\/wp-json\/wp\/v2\/media?parent=57"}],"curies":[{"name":"wp","href":"https:\/\/api.w.org\/{rel}","templated":true}]}}