{"id":757,"date":"2020-04-16T13:39:28","date_gmt":"2020-04-16T06:39:28","guid":{"rendered":"http:\/\/bacvietmold.com\/vi\/?page_id=757"},"modified":"2024-08-31T05:10:54","modified_gmt":"2024-08-30T22:10:54","slug":"thong-tin-ve-cong-ty","status":"publish","type":"page","link":"http:\/\/bacvietmold.com\/vi\/thong-tin-ve-cong-ty\/","title":{"rendered":"Gi\u1edbi thi\u1ec7u c\u00f4ng ty"},"content":{"rendered":"<p>[vc_row cmt_bgimagefixed=&#8221;&#8221;][vc_column width=&#8221;1\/2&#8243;][vc_empty_space height=&#8221;12px&#8221;][vc_single_image image=&#8221;1261&#8243; img_size=&#8221;550&#215;850&#8243; alignment=&#8221;center&#8221; style=&#8221;vc_box_shadow_border&#8221; css_animation=&#8221;fadeInDown&#8221;][\/vc_column][vc_column width=&#8221;1\/2&#8243; css=&#8221;.vc_custom_1616899303639{padding-left: 30px !important;}&#8221;][vc_column_text]C\u00f4ng ty C\u1ed5 ph\u1ea7n C\u00f4ng Ngh\u1ec7 B\u1eafc Vi\u1ec7t \u0111\u01b0\u1ee3c th\u00e0nh l\u1eadp t\u1eeb n\u0103m 2008, tr\u1ee5 s\u1edf t\u1ea1i Km 7, Qu\u1ed1c l\u1ed9 18, Ph\u01b0\u1eddng Ph\u01b0\u01a1ng Li\u1ec5u, Th\u1ecb x\u00e3 Qu\u1ebf V\u00f5, T\u1ec9nh B\u1eafc Ninh, Vi\u1ec7t Nam cung c\u1ea5p cho kh\u00e1ch h\u00e0ng m\u1ed9t gi\u1ea3i ph\u00e1p to\u00e0n di\u1ec7n trong vi\u1ec7c s\u1ea3n xu\u1ea5t khu\u00f4n \u00e9p v\u00e0 c\u00e1c chi ti\u1ebft nh\u1ef1a ch\u00ednh x\u00e1c \u0111\u01b0\u1ee3c \u1ee9ng d\u1ee5ng trong ng\u00e0nh c\u00f4ng nghi\u1ec7p \u0111i\u1ec7n \/ \u0111i\u1ec7n t\u1eed. V\u1edbi h\u1ec7 th\u1ed1ng m\u00e1y m\u00f3c hi\u1ec7n \u0111\u1ea1i v\u00e0 \u0111\u1ed3ng b\u1ed9,h\u1ec7 th\u1ed1ng nh\u00e2n s\u1ef1 tr\u00ecnh \u0111\u1ed9 cao v\u00e0 vi\u1ec7c \u00e1p d\u1ee5ng th\u00e0nh c\u00f4ng h\u1ec7 th\u1ed1ng qu\u1ea3n l\u00fd ch\u1ea5t l\u01b0\u1ee3ng ISO 9001:2015 v\u00e0 ISO 14001:2015, B\u1eafc Vi\u1ec7t \u0111\u00e3 \u0111\u00e1p \u1ee9ng \u0111\u01b0\u1ee3c nhu c\u1ea7u c\u1ee7a c\u00e1c Kh\u00e1ch h\u00e0ng Nh\u1eadt B\u1ea3n v\u00e0 H\u00e0n Qu\u1ed1c nh\u01b0 Canon Vietnam, Samsung Vietnam, Kyocera Vietnam, Brother Vietnam, Seowon Intech\u2026\u2026[\/vc_column_text][vc_video link=&#8221;https:\/\/youtu.be\/bhgt32cEdD8&#8243; align=&#8221;center&#8221;][\/vc_column][vc_column][\/vc_column][\/vc_row][vc_row cmt_bgimagefixed=&#8221;&#8221; css=&#8221;.vc_custom_1671596308581{margin-top: -200px !important;}&#8221;][vc_column]<div class=\"cmt-sboxsingle-image-wrapper imagestyle-three wpb_single_image vc_align_center \"><div class=\"cmt-sboxsingle-image-inner\"><img src=\"http:\/\/bacvietmold.com\/vi\/wp-content\/uploads\/2022\/12\/ab-1.jpg\" class=\"cmt-sboxsingle-image-img\" alt=\"\" \/><\/div><\/div>[vc_empty_space]<div class=\"cmt-sbox cmt-sbox-iconalign-before-heading cmt-sbox-bgcolor-transparent cmt-bgcolor-transparent cmt-sbox-textcolor- cmt-textcolor- cmt-sbox-isize-md cmt-sbox-isize-md cmt-sbox-istyle-none  cmt-sbox-heading-only\"><section class=\"cmt-sboxvc_cta3-container\"><div class=\"cmt-vc_general cmt-sboxvc_cta3 cmt-sboxvc_cta3-align-left cmt-sboxvc_cta3-icon-size-md cmt-sboxvc_cta3-icons-beforeheading cmt-sboxvc_cta3-actions-no\"><div class=\"cmt-vc_cta3_content-container\"><div class=\"cmt-vc_cta3-content\"><div class=\"cmt-vc_cta3-content-header cmt-section-wrapper\"><div class=\"cmt-sboxvc_cta3-icons cmt-section-wrapper-cell\"><div class=\"cmt-vc_icon_element cmt-vc_icon_element-outer cmt-vc_icon_element-align-left \"><div class=\"cmt-vc_icon_element-inner  cmt-vc_icon_element-color-skincolor cmt-vc_icon_element-size-md cmt-vc_icon_element-style-none cmt-vc_icon_element-background-color-grey\" ><span class=\"cmt-vc_icon_element-icon cmt_duplexo flaticon-tripadvisor-logotype\" ><\/span><\/div><\/div><\/div><div class=\"cmt-sboxvc_cta3-headers cmt-section-wrapper-cell\"><h2 class=\"cmt-custom-heading \" >S\u1ee8 M\u1ec6NH<\/h2>\n<\/div><\/div><\/div><div class=\"cmt-sboxcta3-desc-btn-wrapper\"><div class=\"cmt-sboxcta3-description\"><div class=\"cmt-sboxcta3-content-wrapper\"><p>B\u1eb1ng m\u1ecdi n\u1ed7 l\u1ef1c, ngu\u1ed3n l\u1ef1c t\u00e0i nguy\u00ean, tri th\u1ee9c, kinh nghi\u1ec7m th\u00e0nh c\u00f4ng &#8211; th\u1ea5t b\u1ea1i \u0111\u1ec3 t\u1ea1o n\u00ean m\u1ed9t C\u00f4ng ty thu\u1ea7n Vi\u1ec7t c\u00f3 n\u0103ng l\u1ef1c s\u1ea3n xu\u1ea5t c\u01a1 kh\u00ed v\u00e0 linh ki\u1ec7n nh\u1ef1a ch\u00ednh x\u00e1c ti\u00ean ti\u1ebfn, c\u00f3 kh\u1ea3 n\u0103ng ti\u00ean phong trong l\u0129nh v\u1ef1c c\u00f4ng nghi\u1ec7p h\u1ed7 tr\u1ee3 c\u1ee7a \u0111\u1ea5t n\u01b0\u1edbc.<\/p><\/div><\/div><\/div><\/div><\/div><\/section><\/div>[vc_row_inner equal_height=&#8221;yes&#8221; rtl_reverse=&#8221;yes&#8221; gap=&#8221;20&#8243;][vc_column_inner cmt_shadow=&#8221;yes&#8221; width=&#8221;1\/2&#8243;]<div class=\"cmt-sbox cmt-sbox-iconalign-before-heading cmt-sbox-bgcolor-transparent cmt-bgcolor-transparent cmt-sbox-textcolor- cmt-textcolor- cmt-sbox-isize-md cmt-sbox-isize-md cmt-sbox-istyle-none vc_custom_1671597084431 cmt-sbox-heading-only  wpb_animate_when_almost_visible wpb_fadeInLeft fadeInLeft\"><section class=\"cmt-sboxvc_cta3-container\"><div class=\"cmt-vc_general cmt-sboxvc_cta3 cmt-sboxvc_cta3-align-left cmt-sboxvc_cta3-icon-size-md cmt-sboxvc_cta3-icons-beforeheading cmt-sboxvc_cta3-actions-no\"><div class=\"cmt-vc_cta3_content-container\"><div class=\"cmt-vc_cta3-content\"><div class=\"cmt-vc_cta3-content-header cmt-section-wrapper\"><div class=\"cmt-sboxvc_cta3-icons cmt-section-wrapper-cell\"><div class=\"cmt-vc_icon_element cmt-vc_icon_element-outer cmt-vc_icon_element-align-left \"><div class=\"cmt-vc_icon_element-inner  cmt-vc_icon_element-color-skincolor cmt-vc_icon_element-size-md cmt-vc_icon_element-style-none cmt-vc_icon_element-background-color-grey\" ><span class=\"cmt-vc_icon_element-icon cmt_duplexo flaticon-tripadvisor-logotype\" ><\/span><\/div><\/div><\/div><div class=\"cmt-sboxvc_cta3-headers cmt-section-wrapper-cell\"><h2 class=\"cmt-custom-heading \" >T\u1ea6M NH\u00ccN<\/h2>\n<\/div><\/div><\/div><div class=\"cmt-sboxcta3-desc-btn-wrapper\"><div class=\"cmt-sboxcta3-description\"><div class=\"cmt-sboxcta3-content-wrapper\"><p>Tr\u1edf th\u00e0nh m\u1ed9t trong nh\u1eefng C\u00f4ng ty h\u00e0ng \u0111\u1ea7u c\u1ee7a Vi\u1ec7t Nam v\u1ec1 c\u00f4ng nghi\u1ec7p h\u1ed7 tr\u1ee3 trong l\u0129nh v\u1ef1c s\u1ea3n xu\u1ea5t c\u01a1 kh\u00ed v\u1edbi c\u00f4ng ngh\u1ec7 ti\u00ean ti\u1ebfn v\u00e0 ch\u1ea5t l\u01b0\u1ee3ng v\u01b0\u1ee3t tr\u1ed9i<\/p><\/div><\/div><\/div><\/div><\/div><\/section><\/div>[\/vc_column_inner][vc_column_inner cmt_shadow=&#8221;yes&#8221; width=&#8221;1\/2&#8243;]<div class=\"cmt-sbox cmt-sbox-iconalign-before-heading cmt-sbox-bgcolor-transparent cmt-bgcolor-transparent cmt-sbox-textcolor- cmt-textcolor- cmt-sbox-isize-md cmt-sbox-isize-md cmt-sbox-istyle-none vc_custom_1671597096328 cmt-sbox-heading-only  wpb_animate_when_almost_visible wpb_fadeInRight fadeInRight\"><section class=\"cmt-sboxvc_cta3-container\"><div class=\"cmt-vc_general cmt-sboxvc_cta3 cmt-sboxvc_cta3-align-left cmt-sboxvc_cta3-icon-size-md cmt-sboxvc_cta3-icons-beforeheading cmt-sboxvc_cta3-actions-no\"><div class=\"cmt-vc_cta3_content-container\"><div class=\"cmt-vc_cta3-content\"><div class=\"cmt-vc_cta3-content-header cmt-section-wrapper\"><div class=\"cmt-sboxvc_cta3-icons cmt-section-wrapper-cell\"><div class=\"cmt-vc_icon_element cmt-vc_icon_element-outer cmt-vc_icon_element-align-left \"><div class=\"cmt-vc_icon_element-inner  cmt-vc_icon_element-color-skincolor cmt-vc_icon_element-size-md cmt-vc_icon_element-style-none cmt-vc_icon_element-background-color-grey\" ><span class=\"cmt-vc_icon_element-icon cmt_duplexo flaticon-skyline\" ><\/span><\/div><\/div><\/div><div class=\"cmt-sboxvc_cta3-headers cmt-section-wrapper-cell\"><h2 class=\"cmt-custom-heading \" >GI\u00c1 TR\u1eca C\u1ed0T L\u00d5I<\/h2>\n<\/div><\/div><\/div><div class=\"cmt-sboxcta3-desc-btn-wrapper\"><div class=\"cmt-sboxcta3-description\"><div class=\"cmt-sboxcta3-content-wrapper\"><p>Nh\u1eefng nguy\u00ean l\u00fd v\u00e0 ni\u1ec1m tin c\u01a1 b\u1ea3n m\u00e0 ch\u00fang t\u00f4i d\u1ef1a v\u00e0o \u0111\u00f3 \u0111\u1ec3 ph\u00e1t tri\u1ec3n l\u00e0: N\u1ed7 l\u1ef1c tuy\u1ec7t \u0111\u1ed1i, s\u00e1ng t\u1ea1o kh\u00f4ng ng\u1eebng v\u00e0 t\u00e2m th\u1ebf ti\u00ean phong.<\/p><\/div><\/div><\/div><\/div><\/div><\/section><\/div>[\/vc_column_inner][\/vc_row_inner][vc_empty_space][\/vc_column][\/vc_row]<\/p>\n","protected":false},"excerpt":{"rendered":"<p>[vc_row cmt_bgimagefixed=&#8221;&#8221;][vc_column width=&#8221;1\/2&#8243;][vc_empty_space height=&#8221;12px&#8221;][vc_single_image image=&#8221;1261&#8243; img_size=&#8221;550&#215;850&#8243; alignment=&#8221;center&#8221; style=&#8221;vc_box_shadow_border&#8221; css_animation=&#8221;fadeInDown&#8221;][\/vc_column][vc_column width=&#8221;1\/2&#8243; css=&#8221;.vc_custom_1616899303639{padding-left: 30px !important;}&#8221;][vc_column_text]C\u00f4ng ty C\u1ed5 ph\u1ea7n C\u00f4ng Ngh\u1ec7 B\u1eafc Vi\u1ec7t \u0111\u01b0\u1ee3c th\u00e0nh l\u1eadp t\u1eeb n\u0103m 2008, tr\u1ee5 s\u1edf t\u1ea1i Km 7, Qu\u1ed1c l\u1ed9 18, Ph\u01b0\u1eddng Ph\u01b0\u01a1ng Li\u1ec5u, Th\u1ecb x\u00e3 Qu\u1ebf V\u00f5, T\u1ec9nh B\u1eafc Ninh, Vi\u1ec7t Nam cung c\u1ea5p cho kh\u00e1ch h\u00e0ng m\u1ed9t gi\u1ea3i ph\u00e1p to\u00e0n &hellip; <a href=\"http:\/\/bacvietmold.com\/vi\/thong-tin-ve-cong-ty\/\" class=\"more-link\">Continue reading <span class=\"screen-reader-text\">Gi\u1edbi thi\u1ec7u c\u00f4ng ty<\/span><\/a><\/p>\n","protected":false},"author":1,"featured_media":0,"parent":0,"menu_order":0,"comment_status":"closed","ping_status":"closed","template":"","meta":[],"_links":{"self":[{"href":"http:\/\/bacvietmold.com\/vi\/wp-json\/wp\/v2\/pages\/757"}],"collection":[{"href":"http:\/\/bacvietmold.com\/vi\/wp-json\/wp\/v2\/pages"}],"about":[{"href":"http:\/\/bacvietmold.com\/vi\/wp-json\/wp\/v2\/types\/page"}],"author":[{"embeddable":true,"href":"http:\/\/bacvietmold.com\/vi\/wp-json\/wp\/v2\/users\/1"}],"replies":[{"embeddable":true,"href":"http:\/\/bacvietmold.com\/vi\/wp-json\/wp\/v2\/comments?post=757"}],"version-history":[{"count":0,"href":"http:\/\/bacvietmold.com\/vi\/wp-json\/wp\/v2\/pages\/757\/revisions"}],"wp:attachment":[{"href":"http:\/\/bacvietmold.com\/vi\/wp-json\/wp\/v2\/media?parent=757"}],"curies":[{"name":"wp","href":"https:\/\/api.w.org\/{rel}","templated":true}]}}