{"id":760,"date":"2020-04-16T13:42:34","date_gmt":"2020-04-16T06:42:34","guid":{"rendered":"http:\/\/bacvietmold.com\/vi\/?page_id=760"},"modified":"2020-07-16T14:29:54","modified_gmt":"2020-07-16T07:29:54","slug":"chinh-sach-ve-giai-quyet-khoang-san-xung-dot","status":"publish","type":"page","link":"http:\/\/bacvietmold.com\/vi\/chinh-sach-ve-giai-quyet-khoang-san-xung-dot\/","title":{"rendered":"Ch\u00ednh s\u00e1ch v\u1ec1 Gi\u1ea3i quy\u1ebft kho\u00e1ng s\u1ea3n xung \u0111\u1ed9t"},"content":{"rendered":"<p>Ch\u00fang t\u00f4i cam k\u1ebft \u0111\u1ea3m b\u1ea3o r\u1eb1ng ch\u00fang t\u00f4i s\u1ebd kh\u00f4ng mua kho\u00e1ng s\u1ea3n (thi\u1ebfc, tantalum, vonfram, v\u00e0ng) t\u00e0i tr\u1ee3 cho c\u00e1c nh\u00f3m v\u0169 trang \u1edf c\u00e1c Khu v\u1ef1c Xung \u0111\u1ed9t (C\u1ed9ng h\u00f2a D\u00e2n ch\u1ee7 Congo v\u00e0 c\u00e1c qu\u1ed1c gia li\u1ec1n k\u1ec1). Ch\u00fang t\u00f4i \u0111\u00e3 th\u1ef1c hi\u1ec7n \u0111i\u1ec1u tra ngu\u1ed3n g\u1ed1c qu\u1ed1c gia h\u1ee3p l\u00fd v\u1ec1 y\u00eau c\u1ea7u xu\u1ea5t x\u1ee9 \u0111\u1ed1i v\u1edbi c\u00e1c s\u1ea3n ph\u1ea9m ch\u00fang t\u00f4i s\u1ea3n xu\u1ea5t v\u00e0 th\u1ef1c hi\u1ec7n chu\u1ed7i cung \u1ee9ng do s\u1ef1 nh\u1ea5t m\u1ef1c tu\u00e2n theo c\u00e1c quy tr\u00ecnh v\u00e0 th\u1ee7 t\u1ee5c \u0111\u01b0\u1ee3c quy \u0111\u1ecbnh trong H\u01b0\u1edbng d\u1eabn v\u1ec1 tr\u00e1ch nhi\u1ec7m gi\u1ea3i tr\u00ecnh v\u00e0 ph\u00e1t tri\u1ec3n kinh t\u1ebf c\u1ee7a T\u1ed5 ch\u1ee9c Chu\u1ed7i cung \u1ee9ng kho\u00e1ng s\u1ea3n t\u1eeb c\u00e1c khu v\u1ef1c c\u00f3 nguy c\u01a1 xung \u0111\u1ed9t v\u00e0 c\u00f3 nguy c\u01a1 cao. Tr\u01b0\u1edfng ban RBA ch\u1ecbu tr\u00e1ch nhi\u1ec7m v\u1ec1 nh\u1eefng ho\u1ea1t \u0111\u1ed9ng n\u00e0y.<br \/>\nCh\u00fang t\u00f4i hy v\u1ecdng c\u00e1c nh\u00e0 cung c\u1ea5p c\u1ee7a B\u1eafc Vi\u1ec7t s\u1ebd c\u00f3 ch\u00ednh s\u00e1ch v\u00e0 th\u1ef1c hi\u1ec7n m\u1ed9t h\u1ec7 th\u1ed1ng \u0111\u1ec3 truy t\u00ecm ngu\u1ed3n g\u1ed1c c\u1ee7a thi\u1ebfc, tantalum, vonfram v\u00e0 v\u00e0ng \u0111\u01b0\u1ee3c cung c\u1ea5p cho C\u00f4ng ty, theo m\u1eabu \u0111\u01b0\u1ee3c ph\u00e1t tri\u1ec3n b\u1edfi S\u00e1ng ki\u1ebfn cung \u1ee9ng kh\u00f4ng xung \u0111\u1ed9t. C\u00e1c nh\u00e0 cung c\u1ea5p s\u1ea3n ph\u1ea9m c\u1ee7a P &amp; G \u0111\u01b0\u1ee3c khuy\u1ebfn kh\u00edch b\u00e1o c\u00e1o b\u1ea5t k\u1ef3 m\u1ed1i lo ng\u1ea1i v\u1ec1 \u0111\u1ea1o \u0111\u1ee9c ho\u1eb7c vi ph\u1ea1m ch\u00ednh s\u00e1ch c\u1ee7a B\u1eafc Vi\u1ec7t.<br \/>\nN\u1ebfu b\u1ea5t k\u1ef3 \u0111\u1ed1i t\u00e1c kinh doanh b\u00ean ngo\u00e0i n\u00e0o g\u1eb7p kh\u00f3 kh\u0103n trong vi\u1ec7c tu\u00e2n th\u1ee7 k\u1ef3 v\u1ecdng c\u1ee7a ch\u00fang t\u00f4i, ch\u00fang t\u00f4i s\u1ebd c\u1ed1 g\u1eafng l\u00e0m vi\u1ec7c \u0111\u1ec3 gi\u1ea3i quy\u1ebft nh\u1eefng th\u00e1ch th\u1ee9c n\u00e0y. N\u1ebfu kh\u00f4ng \u0111\u1ea1t \u0111\u01b0\u1ee3c s\u1ef1 tu\u00e2n th\u1ee7, ch\u00fang t\u00f4i s\u1ebd ch\u1ea5m d\u1ee9t m\u1ed1i quan h\u1ec7 v\u1edbi \u0111\u1ed1i t\u00e1c kinh doanh b\u00ean ngo\u00e0i n\u00e0y.<\/p>\n","protected":false},"excerpt":{"rendered":"<p>Ch\u00fang t\u00f4i cam k\u1ebft \u0111\u1ea3m b\u1ea3o r\u1eb1ng ch\u00fang t\u00f4i s\u1ebd kh\u00f4ng mua kho\u00e1ng s\u1ea3n (thi\u1ebfc, tantalum, vonfram, v\u00e0ng) t\u00e0i tr\u1ee3 cho c\u00e1c nh\u00f3m v\u0169 trang \u1edf c\u00e1c Khu v\u1ef1c Xung \u0111\u1ed9t (C\u1ed9ng h\u00f2a D\u00e2n ch\u1ee7 Congo v\u00e0 c\u00e1c qu\u1ed1c gia li\u1ec1n k\u1ec1). Ch\u00fang t\u00f4i \u0111\u00e3 th\u1ef1c hi\u1ec7n \u0111i\u1ec1u tra ngu\u1ed3n g\u1ed1c qu\u1ed1c gia h\u1ee3p l\u00fd &hellip; <a href=\"http:\/\/bacvietmold.com\/vi\/chinh-sach-ve-giai-quyet-khoang-san-xung-dot\/\" class=\"more-link\">Continue reading <span class=\"screen-reader-text\">Ch\u00ednh s\u00e1ch v\u1ec1 Gi\u1ea3i quy\u1ebft kho\u00e1ng s\u1ea3n xung \u0111\u1ed9t<\/span><\/a><\/p>\n","protected":false},"author":1,"featured_media":0,"parent":0,"menu_order":0,"comment_status":"closed","ping_status":"closed","template":"","meta":[],"_links":{"self":[{"href":"http:\/\/bacvietmold.com\/vi\/wp-json\/wp\/v2\/pages\/760"}],"collection":[{"href":"http:\/\/bacvietmold.com\/vi\/wp-json\/wp\/v2\/pages"}],"about":[{"href":"http:\/\/bacvietmold.com\/vi\/wp-json\/wp\/v2\/types\/page"}],"author":[{"embeddable":true,"href":"http:\/\/bacvietmold.com\/vi\/wp-json\/wp\/v2\/users\/1"}],"replies":[{"embeddable":true,"href":"http:\/\/bacvietmold.com\/vi\/wp-json\/wp\/v2\/comments?post=760"}],"version-history":[{"count":0,"href":"http:\/\/bacvietmold.com\/vi\/wp-json\/wp\/v2\/pages\/760\/revisions"}],"wp:attachment":[{"href":"http:\/\/bacvietmold.com\/vi\/wp-json\/wp\/v2\/media?parent=760"}],"curies":[{"name":"wp","href":"https:\/\/api.w.org\/{rel}","templated":true}]}}