{"id":818,"date":"2021-03-13T07:22:24","date_gmt":"2021-03-13T00:22:24","guid":{"rendered":"http:\/\/bacvietmold.com\/vi\/?page_id=818"},"modified":"2022-12-19T10:15:34","modified_gmt":"2022-12-19T03:15:34","slug":"tin-tuc","status":"publish","type":"page","link":"http:\/\/bacvietmold.com\/vi\/tin-tuc\/","title":{"rendered":"Tin t\u1ee9c"},"content":{"rendered":"<p>[vc_row cmt_bgimagefixed=&#8221;&#8221;][vc_column css=&#8221;.vc_custom_1671419330149{margin-top: -30px !important;}&#8221;]<div class=\"cymolthemes-boxes cymolthemes-boxes-blog cymolthemes-boxes-view-default cymolthemes-boxes-col-one cymolthemes-boxes-sortable-no cymolthemes-boxes-textalign-center cmt-sboxcta3-rev-heading\">\n\t\t<div class=\"cymolthemes-boxes-inner cymolthemes-boxes-blog-inner \">\n\t\t\t\n\t\t\t<div class=\"row multi-columns-row cymolthemes-boxes-row-wrapper\">\n\t\t\t\t<div class=\"cmt-sboxbox-col-wrapper col-lg-12 col-sm-12 col-md-12 col-xs-12 tin-tuc\"><article class=\"cymolthemes-box cymolthemes-box-blog cymolthemes-blogbox-styletwo cymolthemes-blogbox-format- \">\n\n\t<div class=\"post-item\">\n\t\t<div class=\"cymolthemes-box-content\">\n\t\t\t<div class=\"col-md-5 cymolthemes-box-img-left\">\n\t\t\t\t<div class=\"cmt-featured-outer-wrapper cmt-post-featured-outer-wrapper\">\n\t\t\t\t\t<div class=\"cmt-post-date\"><span>28<\/span>Nov<\/div>\n\t\t\t\t\t<div class=\"cmt-sboxfeatured-wrapper cmt-sboxpost-featured-wrapper cmt-sboxpost-format-\"><a href=\"http:\/\/bacvietmold.com\/vi\/huong-dan-su-dung-ung-dung-etax-mobile\/\"><img width=\"450\" height=\"400\" src=\"http:\/\/bacvietmold.com\/vi\/wp-content\/uploads\/2023\/11\/Etax-450x400.png\" class=\"attachment-cymolthemes-img-blog-left size-cymolthemes-img-blog-left wp-post-image\" alt=\"\" loading=\"lazy\" data-id=\"2729\" \/><\/a><\/div>\t\n\t\t\t\t<\/div>\n\t\t\t<\/div>\n\t\t\t<div class=\"cymolthemes-box-content col-md-7\">\n\t\t\t\t<div class=\"cymolthemes-box-content-inner\">\n\t\t\t\t\t<div class=\"entry-header\">\n\t\t\t\t\t\t<div class=\"cymolthemes-box-title\"><h4><a href=\"http:\/\/bacvietmold.com\/vi\/huong-dan-su-dung-ung-dung-etax-mobile\/\">H\u01b0\u1edbng d\u1eabn s\u1eed d\u1ee5ng \u1ee9ng d\u1ee5ng etax mobile<\/a><\/h4><\/div>\t\t\n\t\t\t\t\t\t<div class=\"cmt-sboxentry-meta-wrapper\"><div class=\"entry-meta cmt-sboxentry-meta cmt-sboxentry-meta-blogbox\"><span class=\"cmt-meta-line posted-on\"><i class=\"fa fa-calendar\"><\/i> <span class=\"screen-reader-text cmt-hide\">Posted on <\/span><a href=\"http:\/\/bacvietmold.com\/vi\/huong-dan-su-dung-ung-dung-etax-mobile\/\" rel=\"bookmark\"><time class=\"entry-date published\" datetime=\"2023-11-28T16:40:35+07:00\">28\/11\/2023<\/time><time class=\"updated cmt-hide\" datetime=\"2023-11-29T09:29:25+07:00\">29\/11\/2023<\/time><\/a><\/span><span class=\"cmt-meta-line byline\"><i class=\"fa fa-user\"><\/i> <span class=\"author vcard\"><span class=\"screen-reader-text cmt-hide\">Author <\/span>admin<\/span><\/span><\/div><\/div>\t\t\t\t\t\t\t\t\n\t\t\t\t\t<\/div>\n\t\t\t\t\t<div class=\"cymolthemes-box-desc\">\t\t\t\t\t\n\t\t\t\t\t\t<div class=\"cymolthemes-box-desc-text\">ETax Mobile l\u00e0 \u1ee9ng d\u1ee5ng Thu\u1ebf \u0111i\u1ec7n t\u1eed \u0111\u01b0\u1ee3c c\u00e0i \u0111\u1eb7t tr\u00ean \u0111i\u1ec7n tho\u1ea1i di \u0111\u1ed9ng th\u00f4ng minh h\u1ec7 \u0111i\u1ec1u h\u00e0nh IOS ho\u1eb7c Android, cho ph\u00e9p c\u00e1 nh\u00e2n, c\u00e1 nh\u00e2n kinh doanh v\u00e0...<\/div>\t\n\t\t\t\t\t<\/div>\n\t\t\t\t<\/div>\t\t\t\t\t\n\t\t\t<\/div>\n\t\t<\/div>\n\t<\/div>\n<\/article>\n<\/div><div class=\"cmt-sboxbox-col-wrapper col-lg-12 col-sm-12 col-md-12 col-xs-12 tin-tuc\"><article class=\"cymolthemes-box cymolthemes-box-blog cymolthemes-blogbox-styletwo cymolthemes-blogbox-format- \">\n\n\t<div class=\"post-item\">\n\t\t<div class=\"cymolthemes-box-content\">\n\t\t\t<div class=\"col-md-5 cymolthemes-box-img-left\">\n\t\t\t\t<div class=\"cmt-featured-outer-wrapper cmt-post-featured-outer-wrapper\">\n\t\t\t\t\t<div class=\"cmt-post-date\"><span>12<\/span>May<\/div>\n\t\t\t\t\t<div class=\"cmt-sboxfeatured-wrapper cmt-sboxpost-featured-wrapper cmt-sboxpost-format-\"><a href=\"http:\/\/bacvietmold.com\/vi\/cong-doan-nganh-cong-thuong-bac-ninh-gap-mat-trao-qua-ho-tro-cho-nguoi-lao-dong-co-hoan-canh-kho-khan-cua-cong-ty-cp-cong-nghe-bac-viet\/\"><img width=\"450\" height=\"500\" src=\"http:\/\/bacvietmold.com\/vi\/wp-content\/uploads\/2023\/05\/CD-BV-450x500.png\" class=\"attachment-cymolthemes-img-blog-left size-cymolthemes-img-blog-left wp-post-image\" alt=\"\" loading=\"lazy\" data-id=\"1377\" \/><\/a><\/div>\t\n\t\t\t\t<\/div>\n\t\t\t<\/div>\n\t\t\t<div class=\"cymolthemes-box-content col-md-7\">\n\t\t\t\t<div class=\"cymolthemes-box-content-inner\">\n\t\t\t\t\t<div class=\"entry-header\">\n\t\t\t\t\t\t<div class=\"cymolthemes-box-title\"><h4><a href=\"http:\/\/bacvietmold.com\/vi\/cong-doan-nganh-cong-thuong-bac-ninh-gap-mat-trao-qua-ho-tro-cho-nguoi-lao-dong-co-hoan-canh-kho-khan-cua-cong-ty-cp-cong-nghe-bac-viet\/\">C\u00f4ng \u0111o\u00e0n ng\u00e0nh C\u00f4ng th\u01b0\u01a1ng B\u1eafc Ninh g\u1eb7p m\u1eb7t, trao qu\u00e0 h\u1ed7 tr\u1ee3 cho ng\u01b0\u1eddi lao \u0111\u1ed9ng c\u00f3 ho\u00e0n c\u1ea3nh kh\u00f3 kh\u0103n c\u1ee7a C\u00f4ng ty CP C\u00f4ng Ngh\u1ec7 B\u1eafc Vi\u1ec7t.<\/a><\/h4><\/div>\t\t\n\t\t\t\t\t\t<div class=\"cmt-sboxentry-meta-wrapper\"><div class=\"entry-meta cmt-sboxentry-meta cmt-sboxentry-meta-blogbox\"><span class=\"cmt-meta-line posted-on\"><i class=\"fa fa-calendar\"><\/i> <span class=\"screen-reader-text cmt-hide\">Posted on <\/span><a href=\"http:\/\/bacvietmold.com\/vi\/cong-doan-nganh-cong-thuong-bac-ninh-gap-mat-trao-qua-ho-tro-cho-nguoi-lao-dong-co-hoan-canh-kho-khan-cua-cong-ty-cp-cong-nghe-bac-viet\/\" rel=\"bookmark\"><time class=\"entry-date published\" datetime=\"2023-05-12T20:36:43+07:00\">12\/05\/2023<\/time><time class=\"updated cmt-hide\" datetime=\"2023-11-29T09:29:36+07:00\">29\/11\/2023<\/time><\/a><\/span><span class=\"cmt-meta-line byline\"><i class=\"fa fa-user\"><\/i> <span class=\"author vcard\"><span class=\"screen-reader-text cmt-hide\">Author <\/span>admin<\/span><\/span><\/div><\/div>\t\t\t\t\t\t\t\t\n\t\t\t\t\t<\/div>\n\t\t\t\t\t<div class=\"cymolthemes-box-desc\">\t\t\t\t\t\n\t\t\t\t\t\t<div class=\"cymolthemes-box-desc-text\">Nh\u00e2n d\u1ecbp Th\u00e1ng c\u00f4ng nh\u00e2n v\u00e0 ch\u00e0o m\u1eebng th\u00e0nh c\u00f4ng c\u1ee7a \u0110\u1ea1i h\u1ed9i C\u00f4ng \u0111o\u00e0n C\u01a1 s\u1edf C\u00f4ng ty C\u1ed5 ph\u1ea7n C\u00f4ng Ngh\u1ec7 B\u1eafc Vi\u1ec7t l\u1ea7n th\u1ee9 2 (Nhi\u1ec7m k\u1ef3 2023-2028), \u0110\u1ed3ng ch?...<\/div>\t\n\t\t\t\t\t<\/div>\n\t\t\t\t<\/div>\t\t\t\t\t\n\t\t\t<\/div>\n\t\t<\/div>\n\t<\/div>\n<\/article>\n<\/div><div class=\"cmt-sboxbox-col-wrapper col-lg-12 col-sm-12 col-md-12 col-xs-12 tin-tuc\"><article class=\"cymolthemes-box cymolthemes-box-blog cymolthemes-blogbox-styletwo cymolthemes-blogbox-format- \">\n\n\t<div class=\"post-item\">\n\t\t<div class=\"cymolthemes-box-content\">\n\t\t\t<div class=\"col-md-5 cymolthemes-box-img-left\">\n\t\t\t\t<div class=\"cmt-featured-outer-wrapper cmt-post-featured-outer-wrapper\">\n\t\t\t\t\t<div class=\"cmt-post-date\"><span>15<\/span>Mar<\/div>\n\t\t\t\t\t<div class=\"cmt-sboxfeatured-wrapper cmt-sboxpost-featured-wrapper cmt-sboxpost-format-\"><a href=\"http:\/\/bacvietmold.com\/vi\/quyet-dinh-phe-duyet-bao-cao-tac-dong-moi-truong-va-giay-xac-nhan-da-thuc-hien-cac-bien-phap-bao-ve-moi-truong\/\"><img width=\"400\" height=\"300\" src=\"http:\/\/bacvietmold.com\/vi\/wp-content\/uploads\/2025\/08\/moitruong.jpeg\" class=\"attachment-cymolthemes-img-blog-left size-cymolthemes-img-blog-left wp-post-image\" alt=\"\" loading=\"lazy\" data-id=\"2859\" \/><\/a><\/div>\t\n\t\t\t\t<\/div>\n\t\t\t<\/div>\n\t\t\t<div class=\"cymolthemes-box-content col-md-7\">\n\t\t\t\t<div class=\"cymolthemes-box-content-inner\">\n\t\t\t\t\t<div class=\"entry-header\">\n\t\t\t\t\t\t<div class=\"cymolthemes-box-title\"><h4><a href=\"http:\/\/bacvietmold.com\/vi\/quyet-dinh-phe-duyet-bao-cao-tac-dong-moi-truong-va-giay-xac-nhan-da-thuc-hien-cac-bien-phap-bao-ve-moi-truong\/\">Quy\u1ebft \u0111inh ph\u00ea duy\u1ec7t b\u00e1o c\u00e1o t\u00e1c \u0111\u1ed9ng m\u00f4i tr\u01b0\u1eddng v\u00e0 gi\u1ea5y x\u00e1c nh\u1eadn \u0111\u00e3 th\u1ef1c hi\u1ec7n c\u00e1c bi\u1ec7n ph\u00e1p b\u1ea3o v\u1ec7 m\u00f4i tr\u01b0\u1eddng.<\/a><\/h4><\/div>\t\t\n\t\t\t\t\t\t<div class=\"cmt-sboxentry-meta-wrapper\"><div class=\"entry-meta cmt-sboxentry-meta cmt-sboxentry-meta-blogbox\"><span class=\"cmt-meta-line posted-on\"><i class=\"fa fa-calendar\"><\/i> <span class=\"screen-reader-text cmt-hide\">Posted on <\/span><a href=\"http:\/\/bacvietmold.com\/vi\/quyet-dinh-phe-duyet-bao-cao-tac-dong-moi-truong-va-giay-xac-nhan-da-thuc-hien-cac-bien-phap-bao-ve-moi-truong\/\" rel=\"bookmark\"><time class=\"entry-date published\" datetime=\"2023-03-15T09:32:00+07:00\">15\/03\/2023<\/time><time class=\"updated cmt-hide\" datetime=\"2025-08-07T09:41:15+07:00\">07\/08\/2025<\/time><\/a><\/span><span class=\"cmt-meta-line byline\"><i class=\"fa fa-user\"><\/i> <span class=\"author vcard\"><span class=\"screen-reader-text cmt-hide\">Author <\/span>BVIT<\/span><\/span><\/div><\/div>\t\t\t\t\t\t\t\t\n\t\t\t\t\t<\/div>\n\t\t\t\t\t<div class=\"cymolthemes-box-desc\">\t\t\t\t\t\n\t\t\t\t\t\t<div class=\"cymolthemes-box-desc-text\">Quy\u1ebft \u0111inh ph\u00ea duy\u1ec7t b\u00e1o c\u00e1o t\u00e1c \u0111\u1ed9ng m\u00f4i tr\u01b0\u1eddng. Gi\u1ea5y x\u00e1c nh\u1eadn \u0111\u00e3 th\u1ef1c hi\u1ec7n c\u00e1c bi\u1ec7n ph\u00e1p b\u1ea3o v\u1ec7 m\u00f4i tr\u01b0\u1eddng....<\/div>\t\n\t\t\t\t\t<\/div>\n\t\t\t\t<\/div>\t\t\t\t\t\n\t\t\t<\/div>\n\t\t<\/div>\n\t<\/div>\n<\/article>\n<\/div><div class=\"cmt-sboxbox-col-wrapper col-lg-12 col-sm-12 col-md-12 col-xs-12 tin-tuc\"><article class=\"cymolthemes-box cymolthemes-box-blog cymolthemes-blogbox-styletwo cymolthemes-blogbox-format- \">\n\n\t<div class=\"post-item\">\n\t\t<div class=\"cymolthemes-box-content\">\n\t\t\t<div class=\"col-md-5 cymolthemes-box-img-left\">\n\t\t\t\t<div class=\"cmt-featured-outer-wrapper cmt-post-featured-outer-wrapper\">\n\t\t\t\t\t<div class=\"cmt-post-date\"><span>10<\/span>May<\/div>\n\t\t\t\t\t<div class=\"cmt-sboxfeatured-wrapper cmt-sboxpost-featured-wrapper cmt-sboxpost-format-\"><a href=\"http:\/\/bacvietmold.com\/vi\/quyet-dinh-ve-viec-thanh-lap-ban-chi-dao-phong-chong-dich-viem-duong-ho-hap-cap-do-chung-virus-moi-cua-virus-coronancov\/\"><img width=\"450\" height=\"500\" src=\"http:\/\/bacvietmold.com\/vi\/wp-content\/uploads\/2021\/05\/SKHDT4-450x500.jpg\" class=\"attachment-cymolthemes-img-blog-left size-cymolthemes-img-blog-left wp-post-image\" alt=\"\" loading=\"lazy\" data-id=\"999\" \/><\/a><\/div>\t\n\t\t\t\t<\/div>\n\t\t\t<\/div>\n\t\t\t<div class=\"cymolthemes-box-content col-md-7\">\n\t\t\t\t<div class=\"cymolthemes-box-content-inner\">\n\t\t\t\t\t<div class=\"entry-header\">\n\t\t\t\t\t\t<div class=\"cymolthemes-box-title\"><h4><a href=\"http:\/\/bacvietmold.com\/vi\/quyet-dinh-ve-viec-thanh-lap-ban-chi-dao-phong-chong-dich-viem-duong-ho-hap-cap-do-chung-virus-moi-cua-virus-coronancov\/\">Quy\u1ebft \u0111\u1ecbnh v\u1ec1 vi\u1ec7c th\u00e0nh l\u1eadp Ban ch\u1ec9 \u0111\u1ea1o ph\u00f2ng, ch\u1ed1ng d\u1ecbch vi\u00eam \u0111\u01b0\u1eddng h\u00f4 h\u1ea5p c\u1ea5p do ch\u1ee7ng virus m\u1edbi c\u1ee7a virus Corona(nCoV)<\/a><\/h4><\/div>\t\t\n\t\t\t\t\t\t<div class=\"cmt-sboxentry-meta-wrapper\"><div class=\"entry-meta cmt-sboxentry-meta cmt-sboxentry-meta-blogbox\"><span class=\"cmt-meta-line posted-on\"><i class=\"fa fa-calendar\"><\/i> <span class=\"screen-reader-text cmt-hide\">Posted on <\/span><a href=\"http:\/\/bacvietmold.com\/vi\/quyet-dinh-ve-viec-thanh-lap-ban-chi-dao-phong-chong-dich-viem-duong-ho-hap-cap-do-chung-virus-moi-cua-virus-coronancov\/\" rel=\"bookmark\"><time class=\"entry-date published\" datetime=\"2021-05-10T14:57:12+07:00\">10\/05\/2021<\/time><time class=\"updated cmt-hide\" datetime=\"2023-11-28T16:18:19+07:00\">28\/11\/2023<\/time><\/a><\/span><span class=\"cmt-meta-line byline\"><i class=\"fa fa-user\"><\/i> <span class=\"author vcard\"><span class=\"screen-reader-text cmt-hide\">Author <\/span>admin<\/span><\/span><\/div><\/div>\t\t\t\t\t\t\t\t\n\t\t\t\t\t<\/div>\n\t\t\t\t\t<div class=\"cymolthemes-box-desc\">\t\t\t\t\t\n\t\t\t\t\t\t<div class=\"cymolthemes-box-desc-text\">\u0110\u1ec3 k\u1ecbp th\u1eddi ph\u00e1t hi\u1ec7n, ng\u0103n ch\u1eb7n ngu\u1ed3n l\u00e2y lan d\u1ecbch b\u1ec7nh, h\u1ea1n ch\u1ebf t\u1ed1i \u0111a s\u1ed1 ng\u01b0\u1eddi m\u1eafc COVID-19, Cty C\u1ed5 Ph\u1ea7n C\u00f4ng Ngh\u1ec7 B\u1eafc Vi\u1ec7t Quy\u1ebft \u0111\u1ecbnh v\u1ec1 vi\u1ec7c...<\/div>\t\n\t\t\t\t\t<\/div>\n\t\t\t\t<\/div>\t\t\t\t\t\n\t\t\t<\/div>\n\t\t<\/div>\n\t<\/div>\n<\/article>\n<\/div><div class=\"cmt-sboxbox-col-wrapper col-lg-12 col-sm-12 col-md-12 col-xs-12 tin-tuc\"><article class=\"cymolthemes-box cymolthemes-box-blog cymolthemes-blogbox-styletwo cymolthemes-blogbox-format- \">\n\n\t<div class=\"post-item\">\n\t\t<div class=\"cymolthemes-box-content\">\n\t\t\t<div class=\"col-md-5 cymolthemes-box-img-left\">\n\t\t\t\t<div class=\"cmt-featured-outer-wrapper cmt-post-featured-outer-wrapper\">\n\t\t\t\t\t<div class=\"cmt-post-date\"><span>16<\/span>Jul<\/div>\n\t\t\t\t\t<div class=\"cmt-sboxfeatured-wrapper cmt-sboxpost-featured-wrapper cmt-sboxpost-format-\"><a href=\"http:\/\/bacvietmold.com\/vi\/cong-ty-co-phan-cong-nghe-bac-viet-tham-gia-chuong-trinh-dao-tao-khuon-mau-do-bo-cong-thuong-phoi-hop-voi-cong-ty-samsung-viet-nam-to-chuc\/\"><img width=\"450\" height=\"500\" src=\"http:\/\/bacvietmold.com\/vi\/wp-content\/uploads\/2017\/12\/Du-an-Samsung-450x500.jpg\" class=\"attachment-cymolthemes-img-blog-left size-cymolthemes-img-blog-left wp-post-image\" alt=\"\" loading=\"lazy\" data-id=\"599\" \/><\/a><\/div>\t\n\t\t\t\t<\/div>\n\t\t\t<\/div>\n\t\t\t<div class=\"cymolthemes-box-content col-md-7\">\n\t\t\t\t<div class=\"cymolthemes-box-content-inner\">\n\t\t\t\t\t<div class=\"entry-header\">\n\t\t\t\t\t\t<div class=\"cymolthemes-box-title\"><h4><a href=\"http:\/\/bacvietmold.com\/vi\/cong-ty-co-phan-cong-nghe-bac-viet-tham-gia-chuong-trinh-dao-tao-khuon-mau-do-bo-cong-thuong-phoi-hop-voi-cong-ty-samsung-viet-nam-to-chuc\/\">C\u00f4ng ty c\u1ed1 ph\u1ea7n c\u00f4ng ngh\u1ec7 B\u1eafc Vi\u1ec7t tham gia ch\u01b0\u01a1ng tr\u00ecnh \u0111\u00e0o t\u1ea1o khu\u00f4n m\u1eabu do b\u1ed9 c\u00f4ng th\u01b0\u01a1ng ph\u1ed1i h\u1ee3p v\u1edbi c\u00f4ng ty SamSung Vi\u1ec7t Nam t\u1ed5 ch\u1ee9c<\/a><\/h4><\/div>\t\t\n\t\t\t\t\t\t<div class=\"cmt-sboxentry-meta-wrapper\"><div class=\"entry-meta cmt-sboxentry-meta cmt-sboxentry-meta-blogbox\"><span class=\"cmt-meta-line posted-on\"><i class=\"fa fa-calendar\"><\/i> <span class=\"screen-reader-text cmt-hide\">Posted on <\/span><a href=\"http:\/\/bacvietmold.com\/vi\/cong-ty-co-phan-cong-nghe-bac-viet-tham-gia-chuong-trinh-dao-tao-khuon-mau-do-bo-cong-thuong-phoi-hop-voi-cong-ty-samsung-viet-nam-to-chuc\/\" rel=\"bookmark\"><time class=\"entry-date published\" datetime=\"2020-07-16T14:34:20+07:00\">16\/07\/2020<\/time><time class=\"updated cmt-hide\" datetime=\"2023-11-29T09:29:47+07:00\">29\/11\/2023<\/time><\/a><\/span><span class=\"cmt-meta-line byline\"><i class=\"fa fa-user\"><\/i> <span class=\"author vcard\"><span class=\"screen-reader-text cmt-hide\">Author <\/span>admin<\/span><\/span><\/div><\/div>\t\t\t\t\t\t\t\t\n\t\t\t\t\t<\/div>\n\t\t\t\t\t<div class=\"cymolthemes-box-desc\">\t\t\t\t\t\n\t\t\t\t\t\t<div class=\"cymolthemes-box-desc-text\">S\u00e1ng 14\/7\/2020, t\u1ea1i H\u00e0 N\u1ed9i, C\u00f4ng ty Samsung Vi\u1ec7t Nam ph\u1ed1i h\u1ee3p v\u1edbi B\u1ed9 C\u00f4ng Th\u01b0\u01a1ng t\u1ed5 ch\u1ee9c L\u1ec5 khai m\u1ea1c Ch\u01b0\u01a1ng tr\u00ecnh \u0111\u00e0o t\u1ea1o chuy\u00ean gia khu\u00f4n m\u1eabu Vi\u1ec7t Nam. Kh\u00f3a...<\/div>\t\n\t\t\t\t\t<\/div>\n\t\t\t\t<\/div>\t\t\t\t\t\n\t\t\t<\/div>\n\t\t<\/div>\n\t<\/div>\n<\/article>\n<\/div><div class=\"cmt-sboxbox-col-wrapper col-lg-12 col-sm-12 col-md-12 col-xs-12 tin-tuc\"><article class=\"cymolthemes-box cymolthemes-box-blog cymolthemes-blogbox-styletwo cymolthemes-blogbox-format- \">\n\n\t<div class=\"post-item\">\n\t\t<div class=\"cymolthemes-box-content\">\n\t\t\t<div class=\"col-md-5 cymolthemes-box-img-left\">\n\t\t\t\t<div class=\"cmt-featured-outer-wrapper cmt-post-featured-outer-wrapper\">\n\t\t\t\t\t<div class=\"cmt-post-date\"><span>18<\/span>Aug<\/div>\n\t\t\t\t\t<div class=\"cmt-sboxfeatured-wrapper cmt-sboxpost-featured-wrapper cmt-sboxpost-format-\"><a href=\"http:\/\/bacvietmold.com\/vi\/14-16082019-cong-ty-cp-cong-nghe-bac-viet-tham-du-trien-lam-nganh-cong-nghiep-ho-tro-viet-nam-nhat-ban-jetro-tai-ha-noi-sie-2019\/\"><img width=\"450\" height=\"500\" src=\"http:\/\/bacvietmold.com\/vi\/wp-content\/uploads\/2019\/08\/dbe1c8f33fb9dae783a8-450x500.jpg\" class=\"attachment-cymolthemes-img-blog-left size-cymolthemes-img-blog-left wp-post-image\" alt=\"\" loading=\"lazy\" data-id=\"2749\" \/><\/a><\/div>\t\n\t\t\t\t<\/div>\n\t\t\t<\/div>\n\t\t\t<div class=\"cymolthemes-box-content col-md-7\">\n\t\t\t\t<div class=\"cymolthemes-box-content-inner\">\n\t\t\t\t\t<div class=\"entry-header\">\n\t\t\t\t\t\t<div class=\"cymolthemes-box-title\"><h4><a href=\"http:\/\/bacvietmold.com\/vi\/14-16082019-cong-ty-cp-cong-nghe-bac-viet-tham-du-trien-lam-nganh-cong-nghiep-ho-tro-viet-nam-nhat-ban-jetro-tai-ha-noi-sie-2019\/\">14 ~ 16\/08\/2019: C\u00d4NG TY CP C\u00d4NG NGH\u1ec6 B\u1eaeC VI\u1ec6T THAM D\u1ef0 TRI\u1ec2N L\u00c3M NG\u00c0NH C\u00d4NG NGHI\u1ec6P H\u1ed6 TR\u1ee2 VI\u1ec6T NAM &#8211; NH\u1eacT B\u1ea2N (JETRO) T\u1ea0I H\u00c0 N\u1ed8I \u2013 SIE 2019.<\/a><\/h4><\/div>\t\t\n\t\t\t\t\t\t<div class=\"cmt-sboxentry-meta-wrapper\"><div class=\"entry-meta cmt-sboxentry-meta cmt-sboxentry-meta-blogbox\"><span class=\"cmt-meta-line posted-on\"><i class=\"fa fa-calendar\"><\/i> <span class=\"screen-reader-text cmt-hide\">Posted on <\/span><a href=\"http:\/\/bacvietmold.com\/vi\/14-16082019-cong-ty-cp-cong-nghe-bac-viet-tham-du-trien-lam-nganh-cong-nghiep-ho-tro-viet-nam-nhat-ban-jetro-tai-ha-noi-sie-2019\/\" rel=\"bookmark\"><time class=\"entry-date published\" datetime=\"2019-08-18T14:51:43+07:00\">18\/08\/2019<\/time><time class=\"updated cmt-hide\" datetime=\"2023-11-29T09:30:33+07:00\">29\/11\/2023<\/time><\/a><\/span><span class=\"cmt-meta-line byline\"><i class=\"fa fa-user\"><\/i> <span class=\"author vcard\"><span class=\"screen-reader-text cmt-hide\">Author <\/span>admin<\/span><\/span><\/div><\/div>\t\t\t\t\t\t\t\t\n\t\t\t\t\t<\/div>\n\t\t\t\t\t<div class=\"cymolthemes-box-desc\">\t\t\t\t\t\n\t\t\t\t\t\t<div class=\"cymolthemes-box-desc-text\">Tri\u1ec3n l\u00e3m JETRO t\u1ea1o ra c\u01a1 h\u1ed9i tr\u1ef1c ti\u1ebfp cho nh\u1eefng nh\u00e0 s\u1ea3n xu\u1ea5t v\u00e0 th\u01b0\u01a1ng m\u1ea1i Vi\u1ec7t Nam v\u1edbi c\u00e1c ng\u01b0\u1eddi mua v\u00e0 nh\u1eadp kh\u1ea9u Nh\u1eadt \u0111\u1ec3 m\u1edf r\u1ed9ng th\u1ecb tr\u01b0\u1eddng xu\u1ea5...<\/div>\t\n\t\t\t\t\t<\/div>\n\t\t\t\t<\/div>\t\t\t\t\t\n\t\t\t<\/div>\n\t\t<\/div>\n\t<\/div>\n<\/article>\n<\/div>\n\t\t\t<\/div>\n\t\t<div class=\"clearfix\"><\/div><div class=\"cymolthemes-pagination\"><span aria-current=\"page\" class=\"page-numbers current\">1<\/span>\n<a class=\"page-numbers\" href=\"http:\/\/bacvietmold.com\/vi\/wp-json\/wp\/v2\/pages\/818\/page\/2\/\">2<\/a>\n<a class=\"next page-numbers\" href=\"http:\/\/bacvietmold.com\/vi\/wp-json\/wp\/v2\/pages\/818\/page\/2\/\"><span class=\"cmt-hide cmt-sboxpagination-text cmt-sboxpagination-text-next\">Next page<\/span> <i class=\"cmt-duplexo-icon-arrow-right\"><\/i><\/a><\/div><!-- .cymolthemes-pagination --><\/div><!-- .cymolthemes-boxes-inner -->   <\/div><!-- .cymolthemes-boxes -->  [\/vc_column][\/vc_row]<\/p>\n","protected":false},"excerpt":{"rendered":"<p>[vc_row cmt_bgimagefixed=&#8221;&#8221;][vc_column css=&#8221;.vc_custom_1671419330149{margin-top: -30px !important;}&#8221;][\/vc_column][\/vc_row]<\/p>\n","protected":false},"author":1,"featured_media":0,"parent":0,"menu_order":0,"comment_status":"closed","ping_status":"closed","template":"","meta":[],"_links":{"self":[{"href":"http:\/\/bacvietmold.com\/vi\/wp-json\/wp\/v2\/pages\/818"}],"collection":[{"href":"http:\/\/bacvietmold.com\/vi\/wp-json\/wp\/v2\/pages"}],"about":[{"href":"http:\/\/bacvietmold.com\/vi\/wp-json\/wp\/v2\/types\/page"}],"author":[{"embeddable":true,"href":"http:\/\/bacvietmold.com\/vi\/wp-json\/wp\/v2\/users\/1"}],"replies":[{"embeddable":true,"href":"http:\/\/bacvietmold.com\/vi\/wp-json\/wp\/v2\/comments?post=818"}],"version-history":[{"count":0,"href":"http:\/\/bacvietmold.com\/vi\/wp-json\/wp\/v2\/pages\/818\/revisions"}],"wp:attachment":[{"href":"http:\/\/bacvietmold.com\/vi\/wp-json\/wp\/v2\/media?parent=818"}],"curies":[{"name":"wp","href":"https:\/\/api.w.org\/{rel}","templated":true}]}}